{"id":24,"date":"2024-12-03T22:53:58","date_gmt":"2024-12-03T22:53:58","guid":{"rendered":"https:\/\/recoleccionderesiduos.mx\/?page_id=24"},"modified":"2024-12-16T00:34:56","modified_gmt":"2024-12-16T00:34:56","slug":"recoleccion-de-residuos-en-queretaro","status":"publish","type":"page","link":"https:\/\/recoleccionderesiduos.mx\/","title":{"rendered":"home"},"content":{"rendered":"<section class='page-content' style='margin-bottom: -100px;'  ><section class='container-fluid' style='padding-left: 0; padding-right: 0;'><div class='row' style=''><div class='col-md-12 ' style='' ><div class='cma-wysiwyg-editor'><p>\n\t\t<!-- MasterSlider -->\n\t\t<div id=\"P_MS69e4bb29eab05\" class=\"master-slider-parent ms-parent-id-1\"  >\n\n\t\t\t\n\t\t\t<!-- MasterSlider Main -->\n\t\t\t<div id=\"MS69e4bb29eab05\" class=\"master-slider ms-skin-light-5\" >\n\t\t\t\t \t\t\t\t \n\n\t\t\t<div  class=\"ms-slide\" data-delay=\"3\" data-fill-mode=\"fill\"   >\n\t\t\t\t\t<img decoding=\"async\" src=\"https:\/\/recoleccionderesiduos.mx\/wp-content\/plugins\/masterslider\/public\/assets\/css\/blank.gif\" alt=\"\" title=\"\" data-src=\"https:\/\/recoleccionderesiduos.mx\/wp-content\/uploads\/2024\/12\/imgss.png\" \/>\n\n\t\t\t\t\t<div  class=\"ms-layer  msp-cn-290-5\" style=\"\"   data-effect=\"t(true,n,-60,n,n,65,n,n,n,n,n,-15,n,n,n)\" data-duration=\"2000\" data-delay=\"437\" data-ease=\"easeOutExpo\"                data-offset-x=\"503\" data-offset-y=\"309\" data-origin=\"tl\"   >\nRESULTADOS INCOMPARABLES<\/div>\n\n\t\t\t\t\t<div  class=\"ms-layer  msp-cn-290-4\" style=\"\"   data-effect=\"t(true,0,-60,n,n,65,n,0,n,n,n,-15,n,n,n)\" data-duration=\"2000\"  data-ease=\"easeOutExpo\"                data-offset-x=\"503\" data-offset-y=\"255\" data-origin=\"tl\"   >\nUnidos para Transformar<\/div>\n\n\n\t\t\t\t<\/div>\n\t\t\t<div  class=\"ms-slide\" data-delay=\"3\" data-fill-mode=\"fill\"   >\n\t<video data-autopause=\"false\" data-mute=\"true\" data-loop=\"true\" data-fill-mode=\"fill\" >\n\t\t<source src=\"http:\/\/www.masterslider.com\/features\/templates\/ms\/fullscreen\/video\/video.mp4\" type=\"video\/mp4\"\/>\n\t<\/video>\n\n\t\t\t\t\t<div  class=\"ms-layer  msp-cn-290-11\" style=\"\"   data-effect=\"t(true,n,150,n,n,n,n,n,n,0.65,n,n,n,n,n)\"   data-ease=\"easeOutQuint\"                data-offset-x=\"154\" data-offset-y=\"350\" data-origin=\"tl\"   >\nHD BACKGROUND VIDEOS<\/div>\n\n\n\t\t\t\t<\/div>\n\n\t\t\t<\/div>\n\t\t\t<!-- END MasterSlider Main -->\n\n\t\t\t \n\t\t<\/div>\n\t\t<!-- END MasterSlider -->\n\n\t\t<script>\n\t\t( window.MSReady = window.MSReady || [] ).push( function( $ ) {\n\n\t\t\t\"use strict\";\n\t\t\tvar masterslider_ab05 = new MasterSlider();\n\n\t\t\t\/\/ slider controls\n\t\t\tmasterslider_ab05.control('arrows'     ,{ autohide:true, overVideo:true  });\n\t\t\t\/\/ slider setup\n\t\t\tmasterslider_ab05.setup(\"MS69e4bb29eab05\", {\n\t\t\t\twidth           : 1000,\n\t\t\t\theight          : 500,\n\t\t\t\tminHeight       : 450,\n\t\t\t\tspace           : 0,\n\t\t\t\tstart           : 1,\n\t\t\t\tgrabCursor      : true,\n\t\t\t\tswipe           : true,\n\t\t\t\tmouse           : true,\n\t\t\t\tkeyboard        : false,\n\t\t\t\tlayout          : \"fullwidth\",\n\t\t\t\twheel           : false,\n\t\t\t\tautoplay        : false,\n                instantStartLayers:false,\n\t\t\t\tmobileBGVideo:false,\n\t\t\t\tloop            : true,\n\t\t\t\tshuffle         : false,\n\t\t\t\tpreload         : 3,\n\t\t\t\theightLimit     : true,\n\t\t\t\tautoHeight      : false,\n\t\t\t\tsmoothHeight    : true,\n\t\t\t\tendPause        : false,\n\t\t\t\toverPause       : true,\n\t\t\t\tfillMode        : \"fill\",\n\t\t\t\tcenterControls  : false,\n\t\t\t\tstartOnAppear   : false,\n\t\t\t\tlayersMode      : \"center\",\n\t\t\t\tautofillTarget  : \"\",\n\t\t\t\thideLayers      : false,\n\t\t\t\tfullscreenMargin: 0,\n\t\t\t\tspeed           : 24,\n\t\t\t\tdir             : \"h\",\n\t\t\t\tresponsive      : true,\n\t\t\t\ttabletWidth     : 768,\n\t\t\t\ttabletHeight    : null,\n\t\t\t\tphoneWidth      : 480,\n\t\t\t\tphoneHeight    : null,\n\t\t\t\tsizingReference : window,\n\t\t\t\tparallaxMode    : 'swipe',\n\t\t\t\tview            : \"scale\"\n\t\t\t});\n\n\t\t\t\n\t\t\t$(\"head\").append( \"<link rel='stylesheet' id='ms-fonts'  href='\/\/fonts.googleapis.com\/css?family=Lato:300,700' type='text\/css' media='all' \/>\" );\n\n\t\t\twindow.masterslider_instances = window.masterslider_instances || [];\n\t\t\twindow.masterslider_instances.push( masterslider_ab05 );\n\t\t});\n\t\t<\/script>\n\n<\/p><\/div><div class='nivo-wrapper'><div class='nivoSlider' data-manual='1' data-pause='3000' data-navigation='1' data-pause-hover='1'><\/div><\/div><\/div><\/div><\/section><\/section><section class='page-content' style='margin-top: -100px;'  ><section class='container'><div class='row' style=''><div class='col-md-6 ' style='' ><img src='https:\/\/recoleccionderesiduos.mx\/wp-content\/uploads\/2024\/12\/Captura-de-pantalla-2024-12-04-a-las-9.33.30\u202fa.m-1024x250.png' class='center' title='Captura de pantalla 2024-12-04 a la(s) 9.33.30\u202fa.m.' alt='Captura de pantalla 2024-12-04 a la(s) 9.33.30\u202fa.m.' width='1024' height='250'\/><div class='clearfix'><\/div><\/div><div class='col-md-6 ' style='' ><div class='custom-heading centered'>\r\n                            <h1>\u00bfQuieres saber m\u00e1s?<\/h1>\r\n                        <\/div><a href='#Contacto' class='btn custom-color btn-medium btn-centered'  style='background: #5ccc28;'><span> Agendemos una llamada.<\/span><\/a><div class='clearfix'><\/div><\/div><\/div><\/section><\/section><section class='page-content custom-background image-background custom-background color-background parallax parallax-3' style='background-image: url(https:\/\/recoleccionderesiduos.mx\/wp-content\/uploads\/2024\/12\/a2.png);background-size: auto; background-attachment: fixed;background-repeat: repeat;background-color: #19510b;' data-stellar-background-ratio='0.4' ><section class='container'><div class='row' style=''><div class='col-md-4  empty dark' style='' ><\/div><div class='col-md-4 ' style='' ><div class='cma-wysiwyg-editor'><h1 style=\"text-align: center;\"><span style=\"color: #ffffff;\">UNA EXPERIENCIA DE SERVICIO INTEGRAL.<\/span><\/h1><\/div><\/div><div class='col-md-4 empty' style='' ><\/div><\/div><div class='row' style=''><div class='col-md-4 ' style='' ><div class='services-element service-feature-box '>\r\n                            <div class='service-media'>\r\n                                <img src='https:\/\/recoleccionderesiduos.mx\/wp-content\/uploads\/bfi_thumb\/camion_azul-1-qyk7rj4iw53yimt0qb7ab3qc27rwxmknblg898fb74.png' alt='checklist icon'>\r\n                                \r\n                                <a href='#Contacto' class='read-more02' ><span>\r\n                                Contactanos\r\n                                <i class='fa fa-chevron-right'><\/i>\r\n                            <\/span><\/a>                                \r\n                            <\/div>\r\n\r\n                            <div class='service-body'>\r\n                                <div class='custom-heading'>\r\n                                    <a href='#Contacto' ><h4>Residuos mezclados\u200b<\/h4><\/a>\r\n                                <\/div>\r\n\r\n                                <p>Este tipo de recolecci\u00f3n puede contener una combinaci\u00f3n de diferentes tipos de desechos, como org\u00e1nicos, pl\u00e1sticos, metales, papel y otros materiales. Esto ayuda a reducir la cantidad de basura que va a los vertederos.\u200b\n\nResiduos generados en oficinas, sanitarios.\n\n<\/p>\r\n                            <\/div>\r\n                        <\/div><\/div><div class='col-md-4 ' style='' ><div class='services-element service-feature-box '>\r\n                            <div class='service-media'>\r\n                                <img src='https:\/\/recoleccionderesiduos.mx\/wp-content\/uploads\/bfi_thumb\/camion_blanco-qyk7rl079t6j5uqafc0jg3998zind0s3zur77sciuo.png' alt='checklist icon'>\r\n                                \r\n                                <a href='#Contacto' class='read-more02' ><span>\r\n                                Contactanos\r\n                                <i class='fa fa-chevron-right'><\/i>\r\n                            <\/span><\/a>                                \r\n                            <\/div>\r\n\r\n                            <div class='service-body'>\r\n                                <div class='custom-heading'>\r\n                                    <a href='#Contacto' ><h4>Residuos org\u00e1nicos derivados de la vegetaci\u00f3n\u200b<\/h4><\/a>\r\n                                <\/div>\r\n\r\n                                <p>Recolecci\u00f3n de residuos org\u00e1nicos derivados de la vegetaci\u00f3n como lo son hojas, ramas, c\u00e9sped cortado y otros desechos vegetales, lo que ayuda a reducir la cantidad de basura que va a los drenes de agua.<\/p>\r\n                            <\/div>\r\n                        <\/div><\/div><div class='col-md-4 ' style='' ><div class='services-element service-feature-box '>\r\n                            <div class='service-media'>\r\n                                <img src='https:\/\/recoleccionderesiduos.mx\/wp-content\/uploads\/bfi_thumb\/retro-qyk7rgb0bn03jsx46rzelmfya25taj9gb7hrtejhps.png' alt='checklist icon'>\r\n                                \r\n                                <a href='#Contacto' class='read-more02' ><span>\r\n                                Contactanos\r\n                                <i class='fa fa-chevron-right'><\/i>\r\n                            <\/span><\/a>                                \r\n                            <\/div>\r\n\r\n                            <div class='service-body'>\r\n                                <div class='custom-heading'>\r\n                                    <a href='#Contacto' ><h4>Residuos de construcci\u00f3n<\/h4><\/a>\r\n                                <\/div>\r\n\r\n                                <p>Los residuos de construcci\u00f3n, tambi\u00e9n conocidos como escombros, son materiales que resultan de la construcci\u00f3n, demolici\u00f3n, renovaci\u00f3n y reparaci\u00f3n de edificios y otras estructuras. La gesti\u00f3n adecuada de estos residuos es crucial para minimizar el impacto ambiental.\u200b<\/p>\r\n                            <\/div>\r\n                        <\/div><\/div><\/div><\/section><\/section><section class='page-content custom-background image-background custom-background color-background parallax parallax-4' style='background-image: url(https:\/\/recoleccionderesiduos.mx\/wp-content\/uploads\/2024\/12\/f2.png);background-size: auto; background-attachment: fixed;background-repeat: repeat;background-color: #f4f4f4;' data-stellar-background-ratio='0.4' id='#Contacto'><section class='container'><div class='row' style='margin-top: 100px;'><div class='col-md-2 empty' style='' ><\/div><div class='col-md-2 ' style='' ><img src='https:\/\/recoleccionderesiduos.mx\/wp-content\/uploads\/2024\/12\/truk.png' class='left' title='truk' alt='truk' width='488' height='292'\/><div class='clearfix'><\/div><\/div><div class='col-md-7 ' style='' ><div class='cma-wysiwyg-editor'><p>Somos una empresa registrada en el <strong>Padr\u00f3n de Servicios Ambientales del Estado de Quer\u00e9taro<\/strong>.<\/p><p>Nuestro servicio de recolecci\u00f3n y transportaci\u00f3n de residuos se encarga de la recopilaci\u00f3n eficiente y segura de residuos s\u00f3lidos y peligrosos desde su punto de generaci\u00f3n hasta su disposici\u00f3n final. Contamos con un equipo especializado y veh\u00edculos adecuados para garantizar el manejo responsable y conforme a las normativas ambientales vigentes en el estado de Quer\u00e9taro. Nos comprometemos a ofrecer un servicio confiable y puntual, contribuyendo a la sostenibilidad y el cuidado del medio ambiente.<\/p><\/div><\/div><div class='col-md-1 empty' style='' ><\/div><\/div><\/section><\/section><section class='page-content custom-background image-background custom-background color-background parallax parallax-5 dark' style='background-image: url(https:\/\/recoleccionderesiduos.mx\/wp-content\/uploads\/2024\/12\/a2.png);background-size: auto; background-attachment: fixed;background-repeat: repeat;background-color: #27631d;' data-stellar-background-ratio='0.4' id='Contacto'><section class='container'><div class='row' style=''><div class='col-md-4 ' style='' > <div class='team-member'>\r\n                                    <a href='#'>\r\n                                    <img src='https:\/\/recoleccionderesiduos.mx\/wp-content\/uploads\/bfi_thumb\/Captura-de-pantalla-2024-12-04-a-las-10.51.11\u202fa.m-qy0s95pm86xw7lw5pusghdvbcaimt2papwx2gnia7c.png' alt='Recolecci\u00f3n de Residuos'\/>\r\n                                <\/a>\r\n                                    <div class='team-details'>\r\n                                        <a href='#'><h5>Recolecci\u00f3n de Residuos<\/h5><\/a>\r\n                                        <p class='position'>Quer\u00e9taro<\/p>\r\n                                    <\/div>\r\n                                <\/div><\/div><div class='col-md-4 ' style='' ><div class='triggerAnimation animated' data-animate='flash' ><div class=\"cma-wp-widget widget widget_volcanno_contact_info cma_contact-info\" id=\"cma-widget-Volcanno_Contact_Info-13\"><h3 class=\"widget-title\">Contacto<\/h3><address><ul class='contact-info-list'><li>                        \r\n                    <i class='fa fa-home'><\/i>\r\n                    <span class='strong'>Diercci\u00f3n:  <\/span>\r\n                    QUER\u00c9TARO                        \r\n                  <\/li><li>                        \r\n                    <i class='fa fa-phone'><\/i>\r\n                    <span class='strong'>Telefono: <\/span>\r\n                    (442) 722 1980                        \r\n                  <\/li><li>                       \r\n                        <i class='fa fa-envelope-o'><\/i>\r\n                        <span class='strong'>E-Mail: <\/span>\r\n                        <a href=\"mailto:rodrigo.bahena@jer.mx\"><span class=\"mail_span\">rodrigo.bahena@jer.mx<\/span><\/a>                        \r\n                    <\/li><\/ul><\/address><\/div><\/div><\/div><div class='col-md-4 ' style='' ><div class='map-canvas' data-type='roadmap' data-long='-100.14211' data-lat='20.50085' data-zoom='13' data-default-ui='1' data-scroll-wheel='0' data-contrast='default'  ><\/div><\/div><\/div><\/section><\/section>\n","protected":false},"excerpt":{"rendered":"","protected":false},"author":3,"featured_media":0,"parent":0,"menu_order":0,"comment_status":"closed","ping_status":"closed","template":"","meta":{"inline_featured_image":false,"footnotes":""},"class_list":["post-24","page","type-page","status-publish","hentry"],"yoast_head":"<!-- This site is optimized with the Yoast SEO plugin v24.0 - https:\/\/yoast.com\/wordpress\/plugins\/seo\/ -->\n<title>Recolecci\u00f3n de residuos Quer\u00e9taro<\/title>\n<meta name=\"description\" content=\"Somos una empresa registrada en el Padr\u00f3n de Servicios Ambientales del Estado de Quer\u00e9taro. Nuestro servicio de recolecci\u00f3n y transportaci\u00f3n de residuos se encarga de la recopilaci\u00f3n eficiente y segura de residuos s\u00f3lidos y peligrosos desde su punto de generaci\u00f3n hasta su disposici\u00f3n final. Contamos con un equipo especializado y veh\u00edculos adecuados para garantizar el manejo responsable y conforme a las normativas ambientales vigentes en el estado de Quer\u00e9taro.\" \/>\n<meta name=\"robots\" content=\"index, follow, max-snippet:-1, max-image-preview:large, max-video-preview:-1\" \/>\n<link rel=\"canonical\" href=\"https:\/\/recoleccionderesiduos.mx\/\" \/>\n<meta property=\"og:locale\" content=\"es_ES\" \/>\n<meta property=\"og:type\" content=\"article\" \/>\n<meta property=\"og:title\" content=\"Recolecci\u00f3n de residuos Quer\u00e9taro\" \/>\n<meta property=\"og:description\" content=\"Somos una empresa registrada en el Padr\u00f3n de Servicios Ambientales del Estado de Quer\u00e9taro. Nuestro servicio de recolecci\u00f3n y transportaci\u00f3n de residuos se encarga de la recopilaci\u00f3n eficiente y segura de residuos s\u00f3lidos y peligrosos desde su punto de generaci\u00f3n hasta su disposici\u00f3n final. Contamos con un equipo especializado y veh\u00edculos adecuados para garantizar el manejo responsable y conforme a las normativas ambientales vigentes en el estado de Quer\u00e9taro.\" \/>\n<meta property=\"og:url\" content=\"https:\/\/recoleccionderesiduos.mx\/\" \/>\n<meta property=\"og:site_name\" content=\"Recolecci\u00f3n de residuos\" \/>\n<meta property=\"article:modified_time\" content=\"2024-12-16T00:34:56+00:00\" \/>\n<meta name=\"twitter:card\" content=\"summary_large_image\" \/>\n<script type=\"application\/ld+json\" class=\"yoast-schema-graph\">{\"@context\":\"https:\/\/schema.org\",\"@graph\":[{\"@type\":\"WebPage\",\"@id\":\"https:\/\/recoleccionderesiduos.mx\/\",\"url\":\"https:\/\/recoleccionderesiduos.mx\/\",\"name\":\"Recolecci\u00f3n de residuos Quer\u00e9taro\",\"isPartOf\":{\"@id\":\"https:\/\/recoleccionderesiduos.mx\/#website\"},\"datePublished\":\"2024-12-03T22:53:58+00:00\",\"dateModified\":\"2024-12-16T00:34:56+00:00\",\"description\":\"Somos una empresa registrada en el Padr\u00f3n de Servicios Ambientales del Estado de Quer\u00e9taro. Nuestro servicio de recolecci\u00f3n y transportaci\u00f3n de residuos se encarga de la recopilaci\u00f3n eficiente y segura de residuos s\u00f3lidos y peligrosos desde su punto de generaci\u00f3n hasta su disposici\u00f3n final. Contamos con un equipo especializado y veh\u00edculos adecuados para garantizar el manejo responsable y conforme a las normativas ambientales vigentes en el estado de Quer\u00e9taro.\",\"breadcrumb\":{\"@id\":\"https:\/\/recoleccionderesiduos.mx\/#breadcrumb\"},\"inLanguage\":\"es\",\"potentialAction\":[{\"@type\":\"ReadAction\",\"target\":[\"https:\/\/recoleccionderesiduos.mx\/\"]}]},{\"@type\":\"BreadcrumbList\",\"@id\":\"https:\/\/recoleccionderesiduos.mx\/#breadcrumb\",\"itemListElement\":[{\"@type\":\"ListItem\",\"position\":1,\"name\":\"Portada\",\"item\":\"https:\/\/recoleccionderesiduos.mx\/\"},{\"@type\":\"ListItem\",\"position\":2,\"name\":\"home\"}]},{\"@type\":\"WebSite\",\"@id\":\"https:\/\/recoleccionderesiduos.mx\/#website\",\"url\":\"https:\/\/recoleccionderesiduos.mx\/\",\"name\":\"Recolecci\u00f3n de residuos\",\"description\":\"Somos una empresa registrada en el Padr\u00f3n de Servicios Ambientales del Estado de Quer\u00e9taro.\",\"potentialAction\":[{\"@type\":\"SearchAction\",\"target\":{\"@type\":\"EntryPoint\",\"urlTemplate\":\"https:\/\/recoleccionderesiduos.mx\/?s={search_term_string}\"},\"query-input\":{\"@type\":\"PropertyValueSpecification\",\"valueRequired\":true,\"valueName\":\"search_term_string\"}}],\"inLanguage\":\"es\"}]}<\/script>\n<!-- \/ Yoast SEO plugin. -->","yoast_head_json":{"title":"Recolecci\u00f3n de residuos Quer\u00e9taro","description":"Somos una empresa registrada en el Padr\u00f3n de Servicios Ambientales del Estado de Quer\u00e9taro. Nuestro servicio de recolecci\u00f3n y transportaci\u00f3n de residuos se encarga de la recopilaci\u00f3n eficiente y segura de residuos s\u00f3lidos y peligrosos desde su punto de generaci\u00f3n hasta su disposici\u00f3n final. Contamos con un equipo especializado y veh\u00edculos adecuados para garantizar el manejo responsable y conforme a las normativas ambientales vigentes en el estado de Quer\u00e9taro.","robots":{"index":"index","follow":"follow","max-snippet":"max-snippet:-1","max-image-preview":"max-image-preview:large","max-video-preview":"max-video-preview:-1"},"canonical":"https:\/\/recoleccionderesiduos.mx\/","og_locale":"es_ES","og_type":"article","og_title":"Recolecci\u00f3n de residuos Quer\u00e9taro","og_description":"Somos una empresa registrada en el Padr\u00f3n de Servicios Ambientales del Estado de Quer\u00e9taro. Nuestro servicio de recolecci\u00f3n y transportaci\u00f3n de residuos se encarga de la recopilaci\u00f3n eficiente y segura de residuos s\u00f3lidos y peligrosos desde su punto de generaci\u00f3n hasta su disposici\u00f3n final. Contamos con un equipo especializado y veh\u00edculos adecuados para garantizar el manejo responsable y conforme a las normativas ambientales vigentes en el estado de Quer\u00e9taro.","og_url":"https:\/\/recoleccionderesiduos.mx\/","og_site_name":"Recolecci\u00f3n de residuos","article_modified_time":"2024-12-16T00:34:56+00:00","twitter_card":"summary_large_image","schema":{"@context":"https:\/\/schema.org","@graph":[{"@type":"WebPage","@id":"https:\/\/recoleccionderesiduos.mx\/","url":"https:\/\/recoleccionderesiduos.mx\/","name":"Recolecci\u00f3n de residuos Quer\u00e9taro","isPartOf":{"@id":"https:\/\/recoleccionderesiduos.mx\/#website"},"datePublished":"2024-12-03T22:53:58+00:00","dateModified":"2024-12-16T00:34:56+00:00","description":"Somos una empresa registrada en el Padr\u00f3n de Servicios Ambientales del Estado de Quer\u00e9taro. Nuestro servicio de recolecci\u00f3n y transportaci\u00f3n de residuos se encarga de la recopilaci\u00f3n eficiente y segura de residuos s\u00f3lidos y peligrosos desde su punto de generaci\u00f3n hasta su disposici\u00f3n final. Contamos con un equipo especializado y veh\u00edculos adecuados para garantizar el manejo responsable y conforme a las normativas ambientales vigentes en el estado de Quer\u00e9taro.","breadcrumb":{"@id":"https:\/\/recoleccionderesiduos.mx\/#breadcrumb"},"inLanguage":"es","potentialAction":[{"@type":"ReadAction","target":["https:\/\/recoleccionderesiduos.mx\/"]}]},{"@type":"BreadcrumbList","@id":"https:\/\/recoleccionderesiduos.mx\/#breadcrumb","itemListElement":[{"@type":"ListItem","position":1,"name":"Portada","item":"https:\/\/recoleccionderesiduos.mx\/"},{"@type":"ListItem","position":2,"name":"home"}]},{"@type":"WebSite","@id":"https:\/\/recoleccionderesiduos.mx\/#website","url":"https:\/\/recoleccionderesiduos.mx\/","name":"Recolecci\u00f3n de residuos","description":"Somos una empresa registrada en el Padr\u00f3n de Servicios Ambientales del Estado de Quer\u00e9taro.","potentialAction":[{"@type":"SearchAction","target":{"@type":"EntryPoint","urlTemplate":"https:\/\/recoleccionderesiduos.mx\/?s={search_term_string}"},"query-input":{"@type":"PropertyValueSpecification","valueRequired":true,"valueName":"search_term_string"}}],"inLanguage":"es"}]}},"_links":{"self":[{"href":"https:\/\/recoleccionderesiduos.mx\/index.php?rest_route=\/wp\/v2\/pages\/24","targetHints":{"allow":["GET"]}}],"collection":[{"href":"https:\/\/recoleccionderesiduos.mx\/index.php?rest_route=\/wp\/v2\/pages"}],"about":[{"href":"https:\/\/recoleccionderesiduos.mx\/index.php?rest_route=\/wp\/v2\/types\/page"}],"author":[{"embeddable":true,"href":"https:\/\/recoleccionderesiduos.mx\/index.php?rest_route=\/wp\/v2\/users\/3"}],"replies":[{"embeddable":true,"href":"https:\/\/recoleccionderesiduos.mx\/index.php?rest_route=%2Fwp%2Fv2%2Fcomments&post=24"}],"version-history":[{"count":48,"href":"https:\/\/recoleccionderesiduos.mx\/index.php?rest_route=\/wp\/v2\/pages\/24\/revisions"}],"predecessor-version":[{"id":102,"href":"https:\/\/recoleccionderesiduos.mx\/index.php?rest_route=\/wp\/v2\/pages\/24\/revisions\/102"}],"wp:attachment":[{"href":"https:\/\/recoleccionderesiduos.mx\/index.php?rest_route=%2Fwp%2Fv2%2Fmedia&parent=24"}],"curies":[{"name":"wp","href":"https:\/\/api.w.org\/{rel}","templated":true}]}}